{"id":7432,"date":"2024-07-27T14:01:40","date_gmt":"2024-07-27T14:01:40","guid":{"rendered":"https:\/\/demenagementcargo.com\/promotions\/"},"modified":"2025-07-09T13:33:15","modified_gmt":"2025-07-09T13:33:15","slug":"promotions","status":"publish","type":"page","link":"https:\/\/demenagementcargo.com\/en\/promotions\/","title":{"rendered":"Promotions"},"content":{"rendered":"\t\t<div data-elementor-type=\"wp-page\" data-elementor-id=\"7432\" class=\"elementor elementor-7432 elementor-575\" data-elementor-post-type=\"page\">\n\t\t\t\t<div class=\"elementor-element elementor-element-d8072fa e-flex e-con-boxed e-con e-parent\" data-id=\"d8072fa\" data-element_type=\"container\">\n\t\t\t\t\t<div class=\"e-con-inner\">\n\t\t\t\t<div class=\"elementor-element elementor-element-8a30a3a elementor-widget elementor-widget-heading\" data-id=\"8a30a3a\" data-element_type=\"widget\" data-widget_type=\"heading.default\">\n\t\t\t\t<div class=\"elementor-widget-container\">\n\t\t\t\t\t<h2 class=\"elementor-heading-title elementor-size-default\">Our promotions \u2013 Moving Cargo Transport\n<\/h2>\t\t\t\t<\/div>\n\t\t\t\t<\/div>\n\t\t\t\t<div class=\"elementor-element elementor-element-8326e9c elementor-toc--minimized-on-tablet elementor-widget elementor-widget-table-of-contents\" data-id=\"8326e9c\" data-element_type=\"widget\" data-settings=\"{&quot;headings_by_tags&quot;:[&quot;h2&quot;,&quot;h3&quot;],&quot;exclude_headings_by_selector&quot;:[],&quot;marker_view&quot;:&quot;numbers&quot;,&quot;no_headings_message&quot;:&quot;No headings were found on this page.&quot;,&quot;minimize_box&quot;:&quot;yes&quot;,&quot;minimized_on&quot;:&quot;tablet&quot;,&quot;hierarchical_view&quot;:&quot;yes&quot;,&quot;min_height&quot;:{&quot;unit&quot;:&quot;px&quot;,&quot;size&quot;:&quot;&quot;,&quot;sizes&quot;:[]},&quot;min_height_tablet&quot;:{&quot;unit&quot;:&quot;px&quot;,&quot;size&quot;:&quot;&quot;,&quot;sizes&quot;:[]},&quot;min_height_mobile&quot;:{&quot;unit&quot;:&quot;px&quot;,&quot;size&quot;:&quot;&quot;,&quot;sizes&quot;:[]}}\" data-widget_type=\"table-of-contents.default\">\n\t\t\t\t<div class=\"elementor-widget-container\">\n\t\t\t\t\t\t\t\t\t<div class=\"elementor-toc__header\">\n\t\t\t\t\t\t<h4 class=\"elementor-toc__header-title\">\n\t\t\t\tTable Of Content\t\t\t<\/h4>\n\t\t\t\t\t\t\t\t\t\t<div class=\"elementor-toc__toggle-button elementor-toc__toggle-button--expand\" role=\"button\" tabindex=\"0\" aria-controls=\"elementor-toc__8326e9c\" aria-expanded=\"true\" aria-label=\"Open table of contents\"><svg aria-hidden=\"true\" class=\"e-font-icon-svg e-fas-list-ul\" viewBox=\"0 0 512 512\" xmlns=\"http:\/\/www.w3.org\/2000\/svg\"><path d=\"M48 48a48 48 0 1 0 48 48 48 48 0 0 0-48-48zm0 160a48 48 0 1 0 48 48 48 48 0 0 0-48-48zm0 160a48 48 0 1 0 48 48 48 48 0 0 0-48-48zm448 16H176a16 16 0 0 0-16 16v32a16 16 0 0 0 16 16h320a16 16 0 0 0 16-16v-32a16 16 0 0 0-16-16zm0-320H176a16 16 0 0 0-16 16v32a16 16 0 0 0 16 16h320a16 16 0 0 0 16-16V80a16 16 0 0 0-16-16zm0 160H176a16 16 0 0 0-16 16v32a16 16 0 0 0 16 16h320a16 16 0 0 0 16-16v-32a16 16 0 0 0-16-16z\"><\/path><\/svg><\/div>\n\t\t\t\t<div class=\"elementor-toc__toggle-button elementor-toc__toggle-button--collapse\" role=\"button\" tabindex=\"0\" aria-controls=\"elementor-toc__8326e9c\" aria-expanded=\"true\" aria-label=\"Close table of contents\"><svg aria-hidden=\"true\" class=\"e-font-icon-svg e-fas-list-ul\" viewBox=\"0 0 512 512\" xmlns=\"http:\/\/www.w3.org\/2000\/svg\"><path d=\"M48 48a48 48 0 1 0 48 48 48 48 0 0 0-48-48zm0 160a48 48 0 1 0 48 48 48 48 0 0 0-48-48zm0 160a48 48 0 1 0 48 48 48 48 0 0 0-48-48zm448 16H176a16 16 0 0 0-16 16v32a16 16 0 0 0 16 16h320a16 16 0 0 0 16-16v-32a16 16 0 0 0-16-16zm0-320H176a16 16 0 0 0-16 16v32a16 16 0 0 0 16 16h320a16 16 0 0 0 16-16V80a16 16 0 0 0-16-16zm0 160H176a16 16 0 0 0-16 16v32a16 16 0 0 0 16 16h320a16 16 0 0 0 16-16v-32a16 16 0 0 0-16-16z\"><\/path><\/svg><\/div>\n\t\t\t\t\t<\/div>\n\t\t\t\t<div id=\"elementor-toc__8326e9c\" class=\"elementor-toc__body\">\n\t\t\t<div class=\"elementor-toc__spinner-container\">\n\t\t\t\t<svg class=\"elementor-toc__spinner eicon-animation-spin e-font-icon-svg e-eicon-loading\" aria-hidden=\"true\" viewBox=\"0 0 1000 1000\" xmlns=\"http:\/\/www.w3.org\/2000\/svg\"><path d=\"M500 975V858C696 858 858 696 858 500S696 142 500 142 142 304 142 500H25C25 237 238 25 500 25S975 237 975 500 763 975 500 975Z\"><\/path><\/svg>\t\t\t<\/div>\n\t\t<\/div>\n\t\t\t\t\t\t<\/div>\n\t\t\t\t<\/div>\n\t\t\t\t<div class=\"elementor-element elementor-element-22531e2 elementor-widget elementor-widget-text-editor\" data-id=\"22531e2\" data-element_type=\"widget\" data-widget_type=\"text-editor.default\">\n\t\t\t\t<div class=\"elementor-widget-container\">\n\t\t\t\t\t\t\t\t\t<div class=\"vc_row wpb_row vc_row-fluid\"><div class=\"wpb_column vc_column_container vc_col-sm-12 sc_layouts_column_icons_position_left\"><div class=\"vc_column-inner\"><div class=\"wpb_wrapper\"><div class=\"wpb_text_column wpb_content_element \"><div class=\"wpb_wrapper\"><p>Relocation services to Montreal can sometimes be expensive. Moving Cargo is a company that was founded in Montreal 7 years ago for one purpose: to be the reference in regular and exceptional QUALITY moves throughout the island of Montreal, on the North Shore and South Shore from Montreal. We spent several years in technical aspects related to the quality of service and impeccable customer service and now, we strive hard to \u201csell\u201d our services at competitive prices, in short \u2026 so that our services are accessible to everybody. Moving Cargo is committed to offer its customers discounts and promotions for various moving services on short or long distances, packaging and packaging material, warehousing service.<\/p><\/div><\/div><\/div><\/div><\/div><\/div><div class=\"vc_row wpb_row vc_row-fluid\"><div class=\"wpb_column vc_column_container vc_col-sm-6 sc_layouts_column_icons_position_left\"><div class=\"vc_column-inner\"><div class=\"wpb_wrapper\"><div class=\"wpb_text_column wpb_content_element \"><div class=\"wpb_wrapper\">\u00a0<\/div><\/div><\/div><\/div><\/div><\/div>\t\t\t\t\t\t\t\t<\/div>\n\t\t\t\t<\/div>\n\t\t\t\t<div class=\"elementor-element elementor-element-95770e9 elementor-widget elementor-widget-heading\" data-id=\"95770e9\" data-element_type=\"widget\" data-widget_type=\"heading.default\">\n\t\t\t\t<div class=\"elementor-widget-container\">\n\t\t\t\t\t<h3 class=\"elementor-heading-title elementor-size-default\">Promotions for students<\/h3>\t\t\t\t<\/div>\n\t\t\t\t<\/div>\n\t\t\t\t<div class=\"elementor-element elementor-element-67af9d6 elementor-widget elementor-widget-text-editor\" data-id=\"67af9d6\" data-element_type=\"widget\" data-widget_type=\"text-editor.default\">\n\t\t\t\t<div class=\"elementor-widget-container\">\n\t\t\t\t\t\t\t\t\t<div class=\"vc_row wpb_row vc_row-fluid\"><div class=\"wpb_column vc_column_container vc_col-sm-12 sc_layouts_column_icons_position_left\"><div class=\"vc_column-inner\"><div class=\"wpb_wrapper\"><div class=\"wpb_text_column wpb_content_element \"><div class=\"wpb_wrapper\"><p>Moving Cargo offers a wide variety of services and discounts for students, to enable them afford a quality moving service. Note that our discount does not apply to students with a family neither does it apply to people who do some courses and intend to move their own house or apartment!<\/p><\/div><\/div><\/div><\/div><\/div><\/div><div class=\"vc_row wpb_row vc_row-fluid\"><div class=\"wpb_column vc_column_container vc_col-sm-6 sc_layouts_column_icons_position_left\"><div class=\"vc_column-inner\"><div class=\"wpb_wrapper\"><div class=\"wpb_text_column wpb_content_element \"><div class=\"wpb_wrapper\">\u00a0<\/div><\/div><\/div><\/div><\/div><\/div>\t\t\t\t\t\t\t\t<\/div>\n\t\t\t\t<\/div>\n\t\t\t\t<div class=\"elementor-element elementor-element-1ab7301 elementor-widget elementor-widget-heading\" data-id=\"1ab7301\" data-element_type=\"widget\" data-widget_type=\"heading.default\">\n\t\t\t\t<div class=\"elementor-widget-container\">\n\t\t\t\t\t<h3 class=\"elementor-heading-title elementor-size-default\">Promotions to seniors<\/h3>\t\t\t\t<\/div>\n\t\t\t\t<\/div>\n\t\t\t\t<div class=\"elementor-element elementor-element-f13f0ea elementor-widget elementor-widget-text-editor\" data-id=\"f13f0ea\" data-element_type=\"widget\" data-widget_type=\"text-editor.default\">\n\t\t\t\t<div class=\"elementor-widget-container\">\n\t\t\t\t\t\t\t\t\t<div class=\"wpb_text_column wpb_content_element \"><div class=\"wpb_wrapper\"><div class=\"vc_row wpb_row vc_row-fluid\"><div class=\"wpb_column vc_column_container vc_col-sm-12 sc_layouts_column_icons_position_left\"><div class=\"vc_column-inner\"><div class=\"wpb_wrapper\"><div class=\"wpb_text_column wpb_content_element \"><div class=\"wpb_wrapper\"><p>Moving Cargo has been servicing a large part of the shelters in Montreal, on the North Shore and South Shore for several years. We have earned their trust through our professionalism and know-how, using all the necessary resources to facilitate the transition to their new residence. For seniors, we offer a 5% discount and also a great flexibility at the time level for going out or accessing residences.<\/p><\/div><\/div><\/div><\/div><\/div><\/div><\/div><\/div>\t\t\t\t\t\t\t\t<\/div>\n\t\t\t\t<\/div>\n\t\t<div class=\"elementor-element elementor-element-6bc2ff8 e-grid e-con-full e-con e-child\" data-id=\"6bc2ff8\" data-element_type=\"container\">\n\t\t<div class=\"elementor-element elementor-element-af9a283 e-con-full e-flex e-con e-child\" data-id=\"af9a283\" data-element_type=\"container\">\n\t\t\t\t<div class=\"elementor-element elementor-element-d74ba61 elementor-widget elementor-widget-heading\" data-id=\"d74ba61\" data-element_type=\"widget\" data-widget_type=\"heading.default\">\n\t\t\t\t<div class=\"elementor-widget-container\">\n\t\t\t\t\t<h3 class=\"elementor-heading-title elementor-size-default\">Affiliated members<\/h3>\t\t\t\t<\/div>\n\t\t\t\t<\/div>\n\t\t\t\t<div class=\"elementor-element elementor-element-c31ddf2 elementor-widget elementor-widget-text-editor\" data-id=\"c31ddf2\" data-element_type=\"widget\" data-widget_type=\"text-editor.default\">\n\t\t\t\t<div class=\"elementor-widget-container\">\n\t\t\t\t\t\t\t\t\t<div class=\"wpb_column vc_column_container vc_col-sm-6 sc_layouts_column_icons_position_left\"><div class=\"vc_column-inner\"><div class=\"wpb_wrapper\"><div class=\"wpb_text_column wpb_content_element \"><div class=\"wpb_wrapper\"><header><div class=\"title-box\">\u00a0<\/div><\/header><article>In recent years, we have been tracking statistics and we have noticed that every 2nd customer that we move calls back on us for our services or refers our company to friends, etc. Because of that, we offer a 5% discount for customers who have moved with us already, and need our services again.<\/article><\/div><\/div><\/div><\/div><\/div>\t\t\t\t\t\t\t\t<\/div>\n\t\t\t\t<\/div>\n\t\t\t\t<\/div>\n\t\t<div class=\"elementor-element elementor-element-2f619b9 e-con-full e-flex e-con e-child\" data-id=\"2f619b9\" data-element_type=\"container\">\n\t\t\t\t<div class=\"elementor-element elementor-element-1abd7a0 elementor-widget elementor-widget-heading\" data-id=\"1abd7a0\" data-element_type=\"widget\" data-widget_type=\"heading.default\">\n\t\t\t\t<div class=\"elementor-widget-container\">\n\t\t\t\t\t<h3 class=\"elementor-heading-title elementor-size-default\">Refer and save !<\/h3>\t\t\t\t<\/div>\n\t\t\t\t<\/div>\n\t\t\t\t<div class=\"elementor-element elementor-element-c9c7ec3 elementor-widget elementor-widget-text-editor\" data-id=\"c9c7ec3\" data-element_type=\"widget\" data-widget_type=\"text-editor.default\">\n\t\t\t\t<div class=\"elementor-widget-container\">\n\t\t\t\t\t\t\t\t\t<div class=\"wpb_text_column wpb_content_element \"><div class=\"wpb_wrapper\"><header><div class=\"title-box\">\u00a0<\/div><\/header><article>Are you moving and know people looking for a company for their next move in Montreal, on the North Shore and South Shore? Refer a customer and get a 5% discount for your next move.<\/article><\/div><\/div>\t\t\t\t\t\t\t\t<\/div>\n\t\t\t\t<\/div>\n\t\t\t\t<\/div>\n\t\t\t\t<\/div>\n\t\t\t\t\t<\/div>\n\t\t\t\t<\/div>\n\t\t\t\t<\/div>\n\t\t","protected":false},"excerpt":{"rendered":"<p>Our promotions \u2013 Moving Cargo Transport Table Of Content Relocation services to Montreal can sometimes be expensive. Moving Cargo is a company that was founded in Montreal 7 years ago for one purpose: to be the reference in regular and exceptional QUALITY moves throughout the island of Montreal, on the North Shore and South Shore [&hellip;]<\/p>\n","protected":false},"author":2,"featured_media":0,"parent":0,"menu_order":0,"comment_status":"closed","ping_status":"closed","template":"","meta":{"_acf_changed":false,"footnotes":""},"class_list":["post-7432","page","type-page","status-publish","hentry"],"acf":[],"yoast_head":"<!-- This site is optimized with the Yoast SEO Premium plugin v26.5 (Yoast SEO v26.9) - https:\/\/yoast.com\/product\/yoast-seo-premium-wordpress\/ -->\n<title>Moving Promotions \u2013 Special Offers &amp; Discounts Available Now<\/title>\n<meta name=\"description\" content=\"Take advantage of our latest moving promotions. Limited-time discounts on residential and commercial moves in Montreal. Book now and save!\" \/>\n<meta name=\"robots\" content=\"index, follow, max-snippet:-1, max-image-preview:large, max-video-preview:-1\" \/>\n<link rel=\"canonical\" href=\"https:\/\/demenagementcargo.com\/en\/promotions\/\" \/>\n<meta property=\"og:locale\" content=\"en_US\" \/>\n<meta property=\"og:type\" content=\"article\" \/>\n<meta property=\"og:title\" content=\"Promotions\" \/>\n<meta property=\"og:description\" content=\"Take advantage of our latest moving promotions. Limited-time discounts on residential and commercial moves in Montreal. Book now and save!\" \/>\n<meta property=\"og:url\" content=\"https:\/\/demenagementcargo.com\/en\/promotions\/\" \/>\n<meta property=\"og:site_name\" content=\"D\u00e9m\u00e9nagement Cargo\" \/>\n<meta property=\"article:publisher\" content=\"https:\/\/www.facebook.com\/demenagementcargo\" \/>\n<meta property=\"article:modified_time\" content=\"2025-07-09T13:33:15+00:00\" \/>\n<meta property=\"og:image\" content=\"https:\/\/demenagementcargo.com\/wp-content\/uploads\/2022\/10\/demenagement-petit-prix.jpg\" \/>\n\t<meta property=\"og:image:width\" content=\"1240\" \/>\n\t<meta property=\"og:image:height\" content=\"868\" \/>\n\t<meta property=\"og:image:type\" content=\"image\/jpeg\" \/>\n<meta name=\"twitter:card\" content=\"summary_large_image\" \/>\n<meta name=\"twitter:label1\" content=\"Est. reading time\" \/>\n\t<meta name=\"twitter:data1\" content=\"2 minutes\" \/>\n<script type=\"application\/ld+json\" class=\"yoast-schema-graph\">{\"@context\":\"https:\/\/schema.org\",\"@graph\":[{\"@type\":\"WebPage\",\"@id\":\"https:\/\/demenagementcargo.com\/en\/promotions\/\",\"url\":\"https:\/\/demenagementcargo.com\/en\/promotions\/\",\"name\":\"Moving Promotions \u2013 Special Offers & Discounts Available Now\",\"isPartOf\":{\"@id\":\"https:\/\/demenagementcargo.com\/en\/#website\"},\"datePublished\":\"2024-07-27T14:01:40+00:00\",\"dateModified\":\"2025-07-09T13:33:15+00:00\",\"description\":\"Take advantage of our latest moving promotions. Limited-time discounts on residential and commercial moves in Montreal. Book now and save!\",\"breadcrumb\":{\"@id\":\"https:\/\/demenagementcargo.com\/en\/promotions\/#breadcrumb\"},\"inLanguage\":\"en-CA\",\"potentialAction\":[{\"@type\":\"ReadAction\",\"target\":[\"https:\/\/demenagementcargo.com\/en\/promotions\/\"]}]},{\"@type\":\"BreadcrumbList\",\"@id\":\"https:\/\/demenagementcargo.com\/en\/promotions\/#breadcrumb\",\"itemListElement\":[{\"@type\":\"ListItem\",\"position\":1,\"name\":\"Accueil\",\"item\":\"https:\/\/demenagementcargo.com\/en\/\"},{\"@type\":\"ListItem\",\"position\":2,\"name\":\"Promotions\"}]},{\"@type\":\"WebSite\",\"@id\":\"https:\/\/demenagementcargo.com\/en\/#website\",\"url\":\"https:\/\/demenagementcargo.com\/en\/\",\"name\":\"D\u00e9m\u00e9nagement Cargo Montr\u00e9al\",\"description\":\"D\u00e9m\u00e9nagement rapide et \u00e9conomique \u00e0 Montr\u00e9al\",\"publisher\":{\"@id\":\"https:\/\/demenagementcargo.com\/en\/#organization\"},\"alternateName\":\"D\u00e9m\u00e9nagement Cargo Transport Montr\u00e9al\",\"potentialAction\":[{\"@type\":\"SearchAction\",\"target\":{\"@type\":\"EntryPoint\",\"urlTemplate\":\"https:\/\/demenagementcargo.com\/en\/?s={search_term_string}\"},\"query-input\":{\"@type\":\"PropertyValueSpecification\",\"valueRequired\":true,\"valueName\":\"search_term_string\"}}],\"inLanguage\":\"en-CA\"},{\"@type\":[\"Organization\",\"Place\",\"MovingCompany\"],\"@id\":\"https:\/\/demenagementcargo.com\/en\/#organization\",\"name\":\"D\u00e9m\u00e9nagement Cargo Montr\u00e9al\",\"alternateName\":\"D\u00e9m\u00e9nagement Cargo Transport Montr\u00e9al\",\"url\":\"https:\/\/demenagementcargo.com\/en\/\",\"logo\":{\"@id\":\"https:\/\/demenagementcargo.com\/en\/promotions\/#local-main-organization-logo\"},\"image\":{\"@id\":\"https:\/\/demenagementcargo.com\/en\/promotions\/#local-main-organization-logo\"},\"sameAs\":[\"https:\/\/www.facebook.com\/demenagementcargo\"],\"description\":\"Entreprise de d\u00e9m\u00e9nagement \u00e0 Montr\u00e9al\",\"legalName\":\"D\u00e9m\u00e9nagement Cargo Montr\u00e9al\",\"address\":{\"@id\":\"https:\/\/demenagementcargo.com\/en\/promotions\/#local-main-place-address\"},\"geo\":{\"@type\":\"GeoCoordinates\",\"latitude\":\"45.5021342\",\"longitude\":\"-73.6987644\"},\"telephone\":[\"+1 438-937-8986\"],\"openingHoursSpecification\":[{\"@type\":\"OpeningHoursSpecification\",\"dayOfWeek\":[\"Monday\",\"Tuesday\",\"Wednesday\",\"Thursday\",\"Friday\",\"Saturday\",\"Sunday\"],\"opens\":\"09:00\",\"closes\":\"17:00\"}],\"email\":\"demenagementransport@gmail.com\",\"areaServed\":\"Montr\u00e9al, Laval, Longueuil, Saint-Jean-sur-Richelieu, Beloeil, Boucherville, Brossard, Candiac, Carignan, Chambly, Ch\u00e2teauguay, Contrecoeur, Delson, Greenfield Park, La Prairie, McMasterville, Mercier, Mont-Saint-Hilaire, Otterburn Park, Saint-Amable, Saint-Basile-le-Grand, Saint-Bruno-de-Montarville, Saint-Constant, Saint-Lambert, Saint-Hubert, Saint-Mathieu-de-Bel\u0153il, Sainte-Catherine, Sainte-Julie, Varennes\",\"priceRange\":\"$\",\"currenciesAccepted\":\"CAD\"},{\"@type\":\"PostalAddress\",\"@id\":\"https:\/\/demenagementcargo.com\/en\/promotions\/#local-main-place-address\",\"streetAddress\":\"2605 Boulevard Cote Vertu Ouest, #404\",\"addressLocality\":\"Montreal\",\"postalCode\":\"H4R 2A9\",\"addressRegion\":\"Quebec\",\"addressCountry\":\"CA\"},{\"@type\":\"ImageObject\",\"inLanguage\":\"en-CA\",\"@id\":\"https:\/\/demenagementcargo.com\/en\/promotions\/#local-main-organization-logo\",\"url\":\"https:\/\/demenagementcargo.com\/wp-content\/uploads\/2024\/08\/logocargo.png\",\"contentUrl\":\"https:\/\/demenagementcargo.com\/wp-content\/uploads\/2024\/08\/logocargo.png\",\"width\":512,\"height\":512,\"caption\":\"D\u00e9m\u00e9nagement Cargo Montr\u00e9al\"}]}<\/script>\n<meta name=\"geo.placename\" content=\"Montreal\" \/>\n<meta name=\"geo.position\" content=\"45.5021342;-73.6987644\" \/>\n<meta name=\"geo.region\" content=\"Canada\" \/>\n<!-- \/ Yoast SEO Premium plugin. -->","yoast_head_json":{"title":"Moving Promotions \u2013 Special Offers & Discounts Available Now","description":"Take advantage of our latest moving promotions. Limited-time discounts on residential and commercial moves in Montreal. Book now and save!","robots":{"index":"index","follow":"follow","max-snippet":"max-snippet:-1","max-image-preview":"max-image-preview:large","max-video-preview":"max-video-preview:-1"},"canonical":"https:\/\/demenagementcargo.com\/en\/promotions\/","og_locale":"en_US","og_type":"article","og_title":"Promotions","og_description":"Take advantage of our latest moving promotions. Limited-time discounts on residential and commercial moves in Montreal. Book now and save!","og_url":"https:\/\/demenagementcargo.com\/en\/promotions\/","og_site_name":"D\u00e9m\u00e9nagement Cargo","article_publisher":"https:\/\/www.facebook.com\/demenagementcargo","article_modified_time":"2025-07-09T13:33:15+00:00","og_image":[{"width":1240,"height":868,"url":"https:\/\/demenagementcargo.com\/wp-content\/uploads\/2022\/10\/demenagement-petit-prix.jpg","type":"image\/jpeg"}],"twitter_card":"summary_large_image","twitter_misc":{"Est. reading time":"2 minutes"},"schema":{"@context":"https:\/\/schema.org","@graph":[{"@type":"WebPage","@id":"https:\/\/demenagementcargo.com\/en\/promotions\/","url":"https:\/\/demenagementcargo.com\/en\/promotions\/","name":"Moving Promotions \u2013 Special Offers & Discounts Available Now","isPartOf":{"@id":"https:\/\/demenagementcargo.com\/en\/#website"},"datePublished":"2024-07-27T14:01:40+00:00","dateModified":"2025-07-09T13:33:15+00:00","description":"Take advantage of our latest moving promotions. Limited-time discounts on residential and commercial moves in Montreal. Book now and save!","breadcrumb":{"@id":"https:\/\/demenagementcargo.com\/en\/promotions\/#breadcrumb"},"inLanguage":"en-CA","potentialAction":[{"@type":"ReadAction","target":["https:\/\/demenagementcargo.com\/en\/promotions\/"]}]},{"@type":"BreadcrumbList","@id":"https:\/\/demenagementcargo.com\/en\/promotions\/#breadcrumb","itemListElement":[{"@type":"ListItem","position":1,"name":"Accueil","item":"https:\/\/demenagementcargo.com\/en\/"},{"@type":"ListItem","position":2,"name":"Promotions"}]},{"@type":"WebSite","@id":"https:\/\/demenagementcargo.com\/en\/#website","url":"https:\/\/demenagementcargo.com\/en\/","name":"D\u00e9m\u00e9nagement Cargo Montr\u00e9al","description":"D\u00e9m\u00e9nagement rapide et \u00e9conomique \u00e0 Montr\u00e9al","publisher":{"@id":"https:\/\/demenagementcargo.com\/en\/#organization"},"alternateName":"D\u00e9m\u00e9nagement Cargo Transport Montr\u00e9al","potentialAction":[{"@type":"SearchAction","target":{"@type":"EntryPoint","urlTemplate":"https:\/\/demenagementcargo.com\/en\/?s={search_term_string}"},"query-input":{"@type":"PropertyValueSpecification","valueRequired":true,"valueName":"search_term_string"}}],"inLanguage":"en-CA"},{"@type":["Organization","Place","MovingCompany"],"@id":"https:\/\/demenagementcargo.com\/en\/#organization","name":"D\u00e9m\u00e9nagement Cargo Montr\u00e9al","alternateName":"D\u00e9m\u00e9nagement Cargo Transport Montr\u00e9al","url":"https:\/\/demenagementcargo.com\/en\/","logo":{"@id":"https:\/\/demenagementcargo.com\/en\/promotions\/#local-main-organization-logo"},"image":{"@id":"https:\/\/demenagementcargo.com\/en\/promotions\/#local-main-organization-logo"},"sameAs":["https:\/\/www.facebook.com\/demenagementcargo"],"description":"Entreprise de d\u00e9m\u00e9nagement \u00e0 Montr\u00e9al","legalName":"D\u00e9m\u00e9nagement Cargo Montr\u00e9al","address":{"@id":"https:\/\/demenagementcargo.com\/en\/promotions\/#local-main-place-address"},"geo":{"@type":"GeoCoordinates","latitude":"45.5021342","longitude":"-73.6987644"},"telephone":["+1 438-937-8986"],"openingHoursSpecification":[{"@type":"OpeningHoursSpecification","dayOfWeek":["Monday","Tuesday","Wednesday","Thursday","Friday","Saturday","Sunday"],"opens":"09:00","closes":"17:00"}],"email":"demenagementransport@gmail.com","areaServed":"Montr\u00e9al, Laval, Longueuil, Saint-Jean-sur-Richelieu, Beloeil, Boucherville, Brossard, Candiac, Carignan, Chambly, Ch\u00e2teauguay, Contrecoeur, Delson, Greenfield Park, La Prairie, McMasterville, Mercier, Mont-Saint-Hilaire, Otterburn Park, Saint-Amable, Saint-Basile-le-Grand, Saint-Bruno-de-Montarville, Saint-Constant, Saint-Lambert, Saint-Hubert, Saint-Mathieu-de-Bel\u0153il, Sainte-Catherine, Sainte-Julie, Varennes","priceRange":"$","currenciesAccepted":"CAD"},{"@type":"PostalAddress","@id":"https:\/\/demenagementcargo.com\/en\/promotions\/#local-main-place-address","streetAddress":"2605 Boulevard Cote Vertu Ouest, #404","addressLocality":"Montreal","postalCode":"H4R 2A9","addressRegion":"Quebec","addressCountry":"CA"},{"@type":"ImageObject","inLanguage":"en-CA","@id":"https:\/\/demenagementcargo.com\/en\/promotions\/#local-main-organization-logo","url":"https:\/\/demenagementcargo.com\/wp-content\/uploads\/2024\/08\/logocargo.png","contentUrl":"https:\/\/demenagementcargo.com\/wp-content\/uploads\/2024\/08\/logocargo.png","width":512,"height":512,"caption":"D\u00e9m\u00e9nagement Cargo Montr\u00e9al"}]},"geo.placename":"Montreal","geo.position":{"lat":"45.5021342","long":"-73.6987644"},"geo.region":"Canada"},"_links":{"self":[{"href":"https:\/\/demenagementcargo.com\/en\/wp-json\/wp\/v2\/pages\/7432","targetHints":{"allow":["GET"]}}],"collection":[{"href":"https:\/\/demenagementcargo.com\/en\/wp-json\/wp\/v2\/pages"}],"about":[{"href":"https:\/\/demenagementcargo.com\/en\/wp-json\/wp\/v2\/types\/page"}],"author":[{"embeddable":true,"href":"https:\/\/demenagementcargo.com\/en\/wp-json\/wp\/v2\/users\/2"}],"replies":[{"embeddable":true,"href":"https:\/\/demenagementcargo.com\/en\/wp-json\/wp\/v2\/comments?post=7432"}],"version-history":[{"count":7,"href":"https:\/\/demenagementcargo.com\/en\/wp-json\/wp\/v2\/pages\/7432\/revisions"}],"predecessor-version":[{"id":7439,"href":"https:\/\/demenagementcargo.com\/en\/wp-json\/wp\/v2\/pages\/7432\/revisions\/7439"}],"wp:attachment":[{"href":"https:\/\/demenagementcargo.com\/en\/wp-json\/wp\/v2\/media?parent=7432"}],"curies":[{"name":"wp","href":"https:\/\/api.w.org\/{rel}","templated":true}]}}